{"id":307,"date":"2010-05-30T12:04:08","date_gmt":"2010-05-30T15:04:08","guid":{"rendered":"http:\/\/rockbot.upperland.net\/?page_id=307"},"modified":"2017-10-14T15:13:15","modified_gmt":"2017-10-14T18:13:15","slug":"about-2","status":"publish","type":"page","link":"https:\/\/rockbot.upperland.net\/?page_id=307","title":{"rendered":"About"},"content":{"rendered":"<p>&nbsp;<\/p>\n<figure style=\"width: 652px\" class=\"wp-caption aligncenter\"><img loading=\"lazy\" decoding=\"async\" class=\" \" src=\"http:\/\/th06.deviantart.net\/fs71\/PRE\/i\/2014\/028\/c\/2\/rockbot_cover_scan_002_by_protomank-d7449o0.png\" alt=\"\" width=\"652\" height=\"601\" \/><figcaption class=\"wp-caption-text\">Rockbot Game Cover<\/figcaption><\/figure>\n<ul>\n<li><strong>So, what is this Rockbot about?<\/strong><\/li>\n<\/ul>\n<div style=\"padding-left: 30px;\">Well, putting it simple is a game made in the spirit of Capcom&#8217;s\u00a0classic Megaman (Rockman in Japan) game series (1-6 and 9-10), that have original storyline and graphics, besides an editor where the user can edit their own stage and enemies, allowing other people to distribute their own versions of the game.<\/div>\n<div><\/div>\n<div style=\"padding-left: 30px;\">The game itself is made with SDL library, and ported to Linux, Windows and Playstation 2. There is an experimental build for Nintendo DS and, with help, it can be easily ported to Mac, PSP and XBox. The editor is made by using Nokia&#8217;s Qt toolkit and is available in Linux and Windows.<\/div>\n<div style=\"padding-left: 30px;\"><\/div>\n<ul>\n<li><strong>Who are we?<\/strong><\/li>\n<\/ul>\n<div style=\"padding-left: 30px;\">We are Megaman fans. We like the game. We feel sad that Capcom did not bring the game do old consoles such as Playstation 2 and DS, thus we wanted to create a tool that allowed us to play those games in those platforms, but also wanted to create an original game baserd on it. Iuri Fiedoruk &#8211; programmer analist working to HP Brazil throught T&amp;T contractor, graduated in Conputer Science. Creates initial concept art, organizes the system structure, develops and port the game engine to different platforms. Arismeire K\u00fcmmer Silva Fiedoruk &#8211; graduated as literatura specialist, develops artesanal and computer artistic works. Creates concept and instruction manual and press art material. Rodrigo Machado Hahn &#8211; in course to become graduated as computer master, develops pixel art. Dem\u00e9trio K.M &#8211; starting his graduation with computer science, helps to develop and fix bugs.<\/div>\n<div style=\"padding-left: 30px;\"><\/div>\n<ul>\n<li><strong>About the game<\/strong><\/li>\n<\/ul>\n<p style=\"padding-left: 30px;\">Rockbot is a game engine, similar to classical (1 to 6, 9 and 10) Megaman (Rockman in Japan), programmed in C with the multi-platform library SDL, counting also with a stage editor made in C++ with Qt library from Nokia. Currently it have ports to Linux, Windows, Playstation 2 and Nintendo DS. The possibility to port to other platforms such as XBox, Mac, PSP and Dingoo, but as we lack the hardware, we need help to port the game to it. The game code is under GPL v2 license, the graphics and music under creative commons share-alike. The game happens inside the imaginary universe of Megaman, but does not make use of names or marks of Capcom, being placed in the city of Kyoto instead of Tokyo, both from Japan.<\/p>\n<ul>\n<li><strong style=\"line-height: normal;\">What is the main objetcive of the project?<\/strong><\/li>\n<\/ul>\n<p style=\"padding-left: 30px;\"><span style=\"line-height: normal;\">When Capcom decided to ignore players of Nintendo DS, Playstation 2, XBox and computers by launching Megaman 9 and 10 only for XBox-360 and Playstation 3, we decided it was the time to show that it is possible to support those platforms with games in old school style, but instead of simply trying to create a Megaman-like game, we decided to incorporate the creation of an editor, so anyone can create their own adventures, or even port the original games (remember that, for this, you must own the original game).<\/span><\/p>\n<ul>\n<li><strong style=\"line-height: normal;\">What is your relation with Capcom?<\/strong><\/li>\n<\/ul>\n<p style=\"padding-left: 30px;\"><span style=\"line-height: normal;\">We are fans of the 8 and 16 bits generations games created by Capcom. We really enjoy Megaman, but we have no link with the company.<\/span><strong style=\"line-height: normal;\">\u00a0<\/strong><\/p>\n<ul>\n<li><strong style=\"line-height: normal;\">Witch feature from Megaman games Rockbot will have?<\/strong><\/li>\n<\/ul>\n<div style=\"padding-left: 30px;\">Rockbot engine will gradually support all features from classic Megaman. As, contrary to original ones, we want that almost all aspects of the game can be changed from the editor, the time needed for that is much greater than adapt an engine made with Game Maker, for example; plus our engine is cross-platform and written in C++ from scratch from a single person. That said, ideia is that version 1.1 have all features from megaman 1 and part of 2, while 1.2 will feature all from megaman 3 and part of 3 and so goes on until is is possible to create, through the editor, a faitful version of the games from Megaman 1 to 10 with out engine.<\/div>\n<div style=\"padding-left: 30px;\"><\/div>\n<ul>\n<li><strong style=\"line-height: normal;\">What happened to the Nintendo DS port<\/strong><strong style=\"line-height: normal;\">?<\/strong><\/li>\n<\/ul>\n<p style=\"padding-left: 30px;\"><span style=\"line-height: normal;\">As the DS SDK have critical issues with SDL, mostly in the sound part, it is very hard to develop a multi-platform with DS in mind, having to deal with the memory, speed and resolution limitations; thus, the DS port will only retaken when the engine is mature enought so we can focus\u00a0exclusively\u00a0on optimization and reduction.<\/span><\/p>\n<p>&nbsp;<\/p>\n<ul>\n<li><strong>What is the game&#8217;s story?<\/strong><\/li>\n<\/ul>\n<p style=\"padding-left: 30px;\">No ano 20XX, v\u00e1rias m\u00e1quinas com forma human\u00f3ide e Intelig\u00eancia Artificial come\u00e7aram a ser constru\u00eddas para auxiliar as tarefas que os humanos precisariam de maquin\u00e1rio pesado e dificuldade para realizar, no entanto, algumas pessoas passaram a roubar e utilizar-se destas m\u00e1quinas, reprogramando-as, para seu pr\u00f3prio interesse. Enquanto em Tokyo, dois rob\u00f4s protegem a cidade e um cientista malvado, o restante do Jap\u00e3o conta apenas com a pol\u00edcia para sua prote\u00e7\u00e3o, o que nem sempre \u00e9 suficiente.<\/p>\n<p style=\"padding-left: 30px;\">\u00c9 quando, na cidade de Kyoto, um jovem cientista, chamado Canotus, inspirado pelo exemplo dos rob\u00f4s her\u00f3is de Tokyo, decide criar sua pr\u00f3pria dupla de rob\u00f4s, que serviriam junto com a pol\u00edcia na prote\u00e7\u00e3o da cidade. Mas antes que ambos estejam plenamente completos, uma amea\u00e7a atingue a cidade: oito rob\u00f4s subitamente come\u00e7am a atacar a cidade! Sem op\u00e7\u00e3o, o Dr. Canotus decide enviar seus dois rob\u00f4s para o combate, antes que as for\u00e7as de defesa da cidade n\u00e3o consigam mais controlar a situa\u00e7\u00e3o.<\/p>\n<p>&nbsp;<\/p>\n","protected":false},"excerpt":{"rendered":"<p>&nbsp; So, what is this Rockbot about? Well, putting it simple is a game made in the spirit of Capcom&#8217;s\u00a0classic Megaman (Rockman in Japan) game series (1-6 and 9-10), that have original storyline and graphics, [&hellip;]<\/p>\n","protected":false},"author":1,"featured_media":0,"parent":930,"menu_order":4,"comment_status":"open","ping_status":"open","template":"","meta":{"_crdt_document":"","footnotes":""},"class_list":["post-307","page","type-page","status-publish","hentry"],"_links":{"self":[{"href":"https:\/\/rockbot.upperland.net\/index.php?rest_route=\/wp\/v2\/pages\/307","targetHints":{"allow":["GET"]}}],"collection":[{"href":"https:\/\/rockbot.upperland.net\/index.php?rest_route=\/wp\/v2\/pages"}],"about":[{"href":"https:\/\/rockbot.upperland.net\/index.php?rest_route=\/wp\/v2\/types\/page"}],"author":[{"embeddable":true,"href":"https:\/\/rockbot.upperland.net\/index.php?rest_route=\/wp\/v2\/users\/1"}],"replies":[{"embeddable":true,"href":"https:\/\/rockbot.upperland.net\/index.php?rest_route=%2Fwp%2Fv2%2Fcomments&post=307"}],"version-history":[{"count":57,"href":"https:\/\/rockbot.upperland.net\/index.php?rest_route=\/wp\/v2\/pages\/307\/revisions"}],"predecessor-version":[{"id":1170,"href":"https:\/\/rockbot.upperland.net\/index.php?rest_route=\/wp\/v2\/pages\/307\/revisions\/1170"}],"up":[{"embeddable":true,"href":"https:\/\/rockbot.upperland.net\/index.php?rest_route=\/wp\/v2\/pages\/930"}],"wp:attachment":[{"href":"https:\/\/rockbot.upperland.net\/index.php?rest_route=%2Fwp%2Fv2%2Fmedia&parent=307"}],"curies":[{"name":"wp","href":"https:\/\/api.w.org\/{rel}","templated":true}]}}